{"id":148,"date":"2018-08-26T16:26:03","date_gmt":"2018-08-26T16:26:03","guid":{"rendered":"https:\/\/rebuildingtogethersf.org\/?page_id=148"},"modified":"2025-03-04T21:29:45","modified_gmt":"2025-03-04T21:29:45","slug":"reparaciones-domesticas","status":"publish","type":"page","link":"https:\/\/rebuildingtogethersf.org\/es\/apply\/home-repairs\/","title":{"rendered":"Reparaciones dom\u00e9sticas"},"content":{"rendered":"<div class=\"vc_row wpb_row vc_row-fluid\"><div class=\"wpb_column vc_column_container vc_col-sm-12\"><div class=\"vc_column-inner\"><div class=\"wpb_wrapper\">\n\t<div class=\"wpb_text_column wpb_content_element\" >\n\t\t<div class=\"wpb_wrapper\">\n\t\t\t<p><\/p>\n\n\t\t<\/div>\n\t<\/div>\n<\/div><\/div><\/div><\/div><div class=\"vc_row wpb_row vc_row-fluid\"><div class=\"wpb_column vc_column_container vc_col-sm-8\"><div class=\"vc_column-inner\"><div class=\"wpb_wrapper\">\n\t<div class=\"wpb_text_column wpb_content_element\" >\n\t\t<div class=\"wpb_wrapper\">\n\t\t\t<p>Los programas de reparaci\u00f3n de viviendas de la RTSF incluyen servicios de reparaci\u00f3n prestados por equipos de voluntarios en el D\u00eda Nacional de la Reconstrucci\u00f3n y en Reconstruir mi manzana, as\u00ed como mejoras de seguridad durante todo el a\u00f1o a trav\u00e9s del programa Safe at Home. Esta solicitud cubre todos nuestros programas de reconstrucci\u00f3n de viviendas.<\/p>\n\n\t\t<\/div>\n\t<\/div>\n<\/div><\/div><\/div><div class=\"wpb_column vc_column_container vc_col-sm-4\"><div class=\"vc_column-inner\"><div class=\"wpb_wrapper\"><style type=\"text\/css\" data-type=\"the7_shortcodes-inline-css\">#default-btn-77769d894dadd82321dc06f32d6dc689 > i {\n  font-size: 11px;\n}\n#default-btn-77769d894dadd82321dc06f32d6dc689 * {\n  vertical-align: middle;\n}\n<\/style><div class=\"btn-align-right\"><a href=\"https:\/\/drive.google.com\/file\/d\/1IqngCbZFQEUv9zCcuh-d_b2d84H29Pft\/view?usp=sharing\" class=\"default-btn-shortcode dt-btn dt-btn-l\" target=\"_blank\" id=\"default-btn-77769d894dadd82321dc06f32d6dc689\"><span>Descargar solicitud<\/span><\/a><\/div><\/div><\/div><\/div><\/div><div class=\"vc_row wpb_row vc_row-fluid\"><div class=\"wpb_column vc_column_container vc_col-sm-8\"><div class=\"vc_column-inner\"><div class=\"wpb_wrapper\">\n\t<div class=\"wpb_text_column wpb_content_element\" >\n\t\t<div class=\"wpb_wrapper\">\n\t\t\t<p>\u00bfEs usted arrendatario? Las reparaciones en propiedades renales requieren un Formulario de Autorizaci\u00f3n del Arrendador debidamente cumplimentado. Por favor, devuelva el Formulario de Autorizaci\u00f3n del Arrendador a nuestra oficina con nuestra solicitud.<\/p>\n\n\t\t<\/div>\n\t<\/div>\n<\/div><\/div><\/div><div class=\"wpb_column vc_column_container vc_col-sm-4\"><div class=\"vc_column-inner\"><div class=\"wpb_wrapper\"><style type=\"text\/css\" data-type=\"the7_shortcodes-inline-css\">#default-btn-c71e69a77c6542be6078ef9eb054d833 > i {\n  font-size: 11px;\n}\n#default-btn-c71e69a77c6542be6078ef9eb054d833 * {\n  vertical-align: middle;\n}\n<\/style><div class=\"btn-align-right\"><a href=\"https:\/\/rebuildingtogethersf.org\/wp-content\/uploads\/2020\/09\/LandlordAgreementForm_2020.pdf\" class=\"default-btn-shortcode dt-btn dt-btn-l\" target=\"_blank\" id=\"default-btn-c71e69a77c6542be6078ef9eb054d833\"><span>Descargar el formulario de autorizaci\u00f3n del propietario<\/span><\/a><\/div><\/div><\/div><\/div><\/div><div class=\"vc_row wpb_row vc_row-fluid vc_row-o-content-middle vc_row-flex\"><div class=\"wpb_column vc_column_container vc_col-sm-12\"><div class=\"vc_column-inner\"><div class=\"wpb_wrapper\"><style type=\"text\/css\" data-type=\"the7_shortcodes-inline-css\">#default-btn-030e735ed2b56a767fa4d944e3123eea > i {\n  font-size: 11px;\n}\n#default-btn-030e735ed2b56a767fa4d944e3123eea * {\n  vertical-align: middle;\n}\n<\/style><div class=\"btn-align-center\"><a href=\"https:\/\/rebuildingtogethersf.org\/wp-content\/uploads\/2020\/09\/Alternative-Resources_2021.pdf\" class=\"default-btn-shortcode dt-btn dt-btn-l\" target=\"_blank\" id=\"default-btn-030e735ed2b56a767fa4d944e3123eea\"><span>Recursos adicionales<\/span><\/a><\/div><\/div><\/div><\/div><\/div><div class=\"vc_row wpb_row vc_row-fluid\"><div class=\"wpb_column vc_column_container vc_col-sm-12\"><div class=\"vc_column-inner\"><div class=\"wpb_wrapper\">\n\t<div class=\"wpb_text_column wpb_content_element\" >\n\t\t<div class=\"wpb_wrapper\">\n\t\t\t\n\t\t<\/div>\n\t<\/div>\n<\/div><\/div><\/div><\/div>","protected":false},"excerpt":{"rendered":"<p>Los programas de reparaci\u00f3n de viviendas de RTSF incluyen servicios de reparaci\u00f3n prestados por equipos de voluntarios en el D\u00eda Nacional de la Reconstrucci\u00f3n y en Rebuild My Block, as\u00ed como mejoras de seguridad durante todo el a\u00f1o a trav\u00e9s del programa Safe at Home. Esta solicitud cubre todos nuestros programas de reconstrucci\u00f3n para propietarios. \u00bfEs usted inquilino? Las reparaciones en propiedades alquiladas requieren un formulario de acuerdo con el propietario debidamente cumplimentado...<\/p>","protected":false},"author":1,"featured_media":0,"parent":6,"menu_order":0,"comment_status":"closed","ping_status":"closed","template":"","meta":{"give_campaign_id":0,"om_disable_all_campaigns":false,"_monsterinsights_skip_tracking":false,"_monsterinsights_sitenote_active":false,"_monsterinsights_sitenote_note":"","_monsterinsights_sitenote_category":0},"class_list":["post-148","page","type-page","status-publish","hentry","description-off"],"yoast_head":"<!-- This site is optimized with the Yoast SEO plugin v27.5 - https:\/\/yoast.com\/product\/yoast-seo-wordpress\/ -->\n<title>Home Repairs - Rebuilding Together SF<\/title>\n<meta name=\"robots\" content=\"index, follow, max-snippet:-1, max-image-preview:large, max-video-preview:-1\" \/>\n<link rel=\"canonical\" href=\"https:\/\/rebuildingtogethersf.org\/es\/aplicar\/reparaciones-domesticas\/\" \/>\n<meta property=\"og:locale\" content=\"es_MX\" \/>\n<meta property=\"og:type\" content=\"article\" \/>\n<meta property=\"og:title\" content=\"Home Repairs - Rebuilding Together SF\" \/>\n<meta property=\"og:url\" content=\"https:\/\/rebuildingtogethersf.org\/es\/aplicar\/reparaciones-domesticas\/\" \/>\n<meta property=\"og:site_name\" content=\"Rebuilding Together SF\" \/>\n<meta property=\"article:modified_time\" content=\"2025-03-04T21:29:45+00:00\" \/>\n<meta name=\"twitter:card\" content=\"summary_large_image\" \/>\n<meta name=\"twitter:label1\" content=\"Tiempo de lectura\" \/>\n\t<meta name=\"twitter:data1\" content=\"1 minuto\" \/>\n<script type=\"application\/ld+json\" class=\"yoast-schema-graph\">{\"@context\":\"https:\\\/\\\/schema.org\",\"@graph\":[{\"@type\":\"WebPage\",\"@id\":\"https:\\\/\\\/rebuildingtogethersf.org\\\/apply\\\/home-repairs\\\/\",\"url\":\"https:\\\/\\\/rebuildingtogethersf.org\\\/apply\\\/home-repairs\\\/\",\"name\":\"Home Repairs - Rebuilding Together SF\",\"isPartOf\":{\"@id\":\"https:\\\/\\\/rebuildingtogethersf.org\\\/#website\"},\"datePublished\":\"2018-08-26T16:26:03+00:00\",\"dateModified\":\"2025-03-04T21:29:45+00:00\",\"breadcrumb\":{\"@id\":\"https:\\\/\\\/rebuildingtogethersf.org\\\/apply\\\/home-repairs\\\/#breadcrumb\"},\"inLanguage\":\"es\",\"potentialAction\":[{\"@type\":\"ReadAction\",\"target\":[\"https:\\\/\\\/rebuildingtogethersf.org\\\/apply\\\/home-repairs\\\/\"]}]},{\"@type\":\"BreadcrumbList\",\"@id\":\"https:\\\/\\\/rebuildingtogethersf.org\\\/apply\\\/home-repairs\\\/#breadcrumb\",\"itemListElement\":[{\"@type\":\"ListItem\",\"position\":1,\"name\":\"Home\",\"item\":\"https:\\\/\\\/rebuildingtogethersf.org\\\/\"},{\"@type\":\"ListItem\",\"position\":2,\"name\":\"Apply\",\"item\":\"https:\\\/\\\/rebuildingtogethersf.org\\\/apply\\\/\"},{\"@type\":\"ListItem\",\"position\":3,\"name\":\"Home Repairs\"}]},{\"@type\":\"WebSite\",\"@id\":\"https:\\\/\\\/rebuildingtogethersf.org\\\/#website\",\"url\":\"https:\\\/\\\/rebuildingtogethersf.org\\\/\",\"name\":\"Rebuilding Together SF\",\"description\":\"Repairing homes, revitalizing communities, rebuilding lives!\",\"potentialAction\":[{\"@type\":\"SearchAction\",\"target\":{\"@type\":\"EntryPoint\",\"urlTemplate\":\"https:\\\/\\\/rebuildingtogethersf.org\\\/?s={search_term_string}\"},\"query-input\":{\"@type\":\"PropertyValueSpecification\",\"valueRequired\":true,\"valueName\":\"search_term_string\"}}],\"inLanguage\":\"es\"}]}<\/script>\n<!-- \/ Yoast SEO plugin. -->","yoast_head_json":{"title":"Reparaciones en el hogar - Rebuilding Together SF","robots":{"index":"index","follow":"follow","max-snippet":"max-snippet:-1","max-image-preview":"max-image-preview:large","max-video-preview":"max-video-preview:-1"},"canonical":"https:\/\/rebuildingtogethersf.org\/es\/aplicar\/reparaciones-domesticas\/","og_locale":"es_MX","og_type":"article","og_title":"Home Repairs - Rebuilding Together SF","og_url":"https:\/\/rebuildingtogethersf.org\/es\/aplicar\/reparaciones-domesticas\/","og_site_name":"Rebuilding Together SF","article_modified_time":"2025-03-04T21:29:45+00:00","twitter_card":"summary_large_image","twitter_misc":{"Tiempo de lectura":"1 minuto"},"schema":{"@context":"https:\/\/schema.org","@graph":[{"@type":"WebPage","@id":"https:\/\/rebuildingtogethersf.org\/apply\/home-repairs\/","url":"https:\/\/rebuildingtogethersf.org\/apply\/home-repairs\/","name":"Reparaciones en el hogar - Rebuilding Together SF","isPartOf":{"@id":"https:\/\/rebuildingtogethersf.org\/#website"},"datePublished":"2018-08-26T16:26:03+00:00","dateModified":"2025-03-04T21:29:45+00:00","breadcrumb":{"@id":"https:\/\/rebuildingtogethersf.org\/apply\/home-repairs\/#breadcrumb"},"inLanguage":"es","potentialAction":[{"@type":"ReadAction","target":["https:\/\/rebuildingtogethersf.org\/apply\/home-repairs\/"]}]},{"@type":"BreadcrumbList","@id":"https:\/\/rebuildingtogethersf.org\/apply\/home-repairs\/#breadcrumb","itemListElement":[{"@type":"ListItem","position":1,"name":"Home","item":"https:\/\/rebuildingtogethersf.org\/"},{"@type":"ListItem","position":2,"name":"Apply","item":"https:\/\/rebuildingtogethersf.org\/apply\/"},{"@type":"ListItem","position":3,"name":"Home Repairs"}]},{"@type":"WebSite","@id":"https:\/\/rebuildingtogethersf.org\/#website","url":"https:\/\/rebuildingtogethersf.org\/","name":"Reconstruyendo Juntos SF","description":"Reparar hogares, revitalizar comunidades, reconstruir vidas.","potentialAction":[{"@type":"SearchAction","target":{"@type":"EntryPoint","urlTemplate":"https:\/\/rebuildingtogethersf.org\/?s={search_term_string}"},"query-input":{"@type":"PropertyValueSpecification","valueRequired":true,"valueName":"search_term_string"}}],"inLanguage":"es"}]}},"campaignId":"","_links":{"self":[{"href":"https:\/\/rebuildingtogethersf.org\/es\/wp-json\/wp\/v2\/pages\/148","targetHints":{"allow":["GET"]}}],"collection":[{"href":"https:\/\/rebuildingtogethersf.org\/es\/wp-json\/wp\/v2\/pages"}],"about":[{"href":"https:\/\/rebuildingtogethersf.org\/es\/wp-json\/wp\/v2\/types\/page"}],"author":[{"embeddable":true,"href":"https:\/\/rebuildingtogethersf.org\/es\/wp-json\/wp\/v2\/users\/1"}],"replies":[{"embeddable":true,"href":"https:\/\/rebuildingtogethersf.org\/es\/wp-json\/wp\/v2\/comments?post=148"}],"version-history":[{"count":20,"href":"https:\/\/rebuildingtogethersf.org\/es\/wp-json\/wp\/v2\/pages\/148\/revisions"}],"predecessor-version":[{"id":376,"href":"https:\/\/rebuildingtogethersf.org\/es\/wp-json\/wp\/v2\/pages\/148\/revisions\/376"}],"up":[{"embeddable":true,"href":"https:\/\/rebuildingtogethersf.org\/es\/wp-json\/wp\/v2\/pages\/6"}],"wp:attachment":[{"href":"https:\/\/rebuildingtogethersf.org\/es\/wp-json\/wp\/v2\/media?parent=148"}],"curies":[{"name":"wp","href":"https:\/\/api.w.org\/{rel}","templated":true}]}}