{"id":150,"date":"2018-08-26T16:26:27","date_gmt":"2018-08-26T16:26:27","guid":{"rendered":"https:\/\/rebuildingtogethersf.org\/?page_id=150"},"modified":"2024-06-04T16:23:00","modified_gmt":"2024-06-04T16:23:00","slug":"renovacion-del-espacio-comunitario","status":"publish","type":"page","link":"https:\/\/rebuildingtogethersf.org\/es\/apply\/community-space-renovations\/","title":{"rendered":"Renovaci\u00f3n del espacio comunitario"},"content":{"rendered":"<div class=\"vc_row wpb_row vc_row-fluid\"><div class=\"wpb_column vc_column_container vc_col-sm-12\"><div class=\"vc_column-inner\"><div class=\"wpb_wrapper\">\n\t<div class=\"wpb_text_column wpb_content_element\" >\n\t\t<div class=\"wpb_wrapper\">\n\t\t\t<p><!DOCTYPE html PUBLIC \"-\/\/W3C\/\/DTD HTML 4.0 Transitional\/\/EN\" \"http:\/\/www.w3.org\/TR\/REC-html40\/loose.dtd\"><br \/>\n<html><body><\/p>\n\n\t\t<\/div>\n\t<\/div>\n<\/div><\/div><\/div><\/div><div class=\"vc_row wpb_row vc_row-fluid\"><div class=\"wpb_column vc_column_container vc_col-sm-8\"><div class=\"vc_column-inner\"><div class=\"wpb_wrapper\">\n\t<div class=\"wpb_text_column wpb_content_element\" >\n\t\t<div class=\"wpb_wrapper\">\n\t\t\t<p>La RTSF presta servicios de renovaci\u00f3n a organismos sin \u00e1nimo de lucro y escuelas p\u00fablicas que re\u00fanen los requisitos necesarios en los D\u00edas Nacionales de la Reconstrucci\u00f3n y durante la campa\u00f1a Reconstruye mi manzana.<\/p>\n\n\t\t<\/div>\n\t<\/div>\n<\/div><\/div><\/div><div class=\"wpb_column vc_column_container vc_col-sm-4\"><div class=\"vc_column-inner\"><div class=\"wpb_wrapper\"><style type=\"text\/css\" data-type=\"the7_shortcodes-inline-css\">#default-btn-60d7d485cd12c54dcef73c3dcdab3913 > i {\n  font-size: 11px;\n}\n#default-btn-60d7d485cd12c54dcef73c3dcdab3913 * {\n  vertical-align: middle;\n}\n<\/style><div class=\"btn-align-right\"><a href=\"https:\/\/drive.google.com\/file\/d\/1ehQ3C8aIsNMjkfDG1bhtvZ0hEYGbiqf4\/view?usp=sharing\" class=\"default-btn-shortcode dt-btn dt-btn-l\" target=\"_blank\" id=\"default-btn-60d7d485cd12c54dcef73c3dcdab3913\"><span>Descargar solicitud<\/span><\/a><\/div><\/div><\/div><\/div><\/div><div class=\"vc_row wpb_row vc_row-fluid\"><div class=\"wpb_column vc_column_container vc_col-sm-12\"><div class=\"vc_column-inner\"><div class=\"wpb_wrapper\">\n\t<div class=\"wpb_text_column wpb_content_element\" >\n\t\t<div class=\"wpb_wrapper\">\n\t\t\t<p><\/body><\/html><\/p>\n\n\t\t<\/div>\n\t<\/div>\n<\/div><\/div><\/div><\/div>","protected":false},"excerpt":{"rendered":"<p>La RTSF presta servicios de renovaci\u00f3n a organismos sin \u00e1nimo de lucro y escuelas p\u00fablicas que re\u00fanen los requisitos necesarios en los D\u00edas Nacionales de la Reconstrucci\u00f3n y durante la campa\u00f1a Reconstruye mi manzana.<\/p>","protected":false},"author":1,"featured_media":0,"parent":6,"menu_order":0,"comment_status":"closed","ping_status":"closed","template":"","meta":{"give_campaign_id":0,"om_disable_all_campaigns":false,"_monsterinsights_skip_tracking":false,"_monsterinsights_sitenote_active":false,"_monsterinsights_sitenote_note":"","_monsterinsights_sitenote_category":0},"class_list":["post-150","page","type-page","status-publish","hentry","description-off"],"yoast_head":"<!-- This site is optimized with the Yoast SEO plugin v27.5 - https:\/\/yoast.com\/product\/yoast-seo-wordpress\/ -->\n<title>Community Space Renovations - Rebuilding Together SF<\/title>\n<meta name=\"robots\" content=\"index, follow, max-snippet:-1, max-image-preview:large, max-video-preview:-1\" \/>\n<link rel=\"canonical\" href=\"https:\/\/rebuildingtogethersf.org\/es\/aplicar\/renovacion-del-espacio-comunitario\/\" \/>\n<meta property=\"og:locale\" content=\"es_MX\" \/>\n<meta property=\"og:type\" content=\"article\" \/>\n<meta property=\"og:title\" content=\"Community Space Renovations - Rebuilding Together SF\" \/>\n<meta property=\"og:url\" content=\"https:\/\/rebuildingtogethersf.org\/es\/aplicar\/renovacion-del-espacio-comunitario\/\" \/>\n<meta property=\"og:site_name\" content=\"Rebuilding Together SF\" \/>\n<meta property=\"article:modified_time\" content=\"2024-06-04T16:23:00+00:00\" \/>\n<meta name=\"twitter:card\" content=\"summary_large_image\" \/>\n<meta name=\"twitter:label1\" content=\"Tiempo de lectura\" \/>\n\t<meta name=\"twitter:data1\" content=\"1 minuto\" \/>\n<script type=\"application\/ld+json\" class=\"yoast-schema-graph\">{\"@context\":\"https:\\\/\\\/schema.org\",\"@graph\":[{\"@type\":\"WebPage\",\"@id\":\"https:\\\/\\\/rebuildingtogethersf.org\\\/apply\\\/community-space-renovations\\\/\",\"url\":\"https:\\\/\\\/rebuildingtogethersf.org\\\/apply\\\/community-space-renovations\\\/\",\"name\":\"Community Space Renovations - Rebuilding Together SF\",\"isPartOf\":{\"@id\":\"https:\\\/\\\/rebuildingtogethersf.org\\\/#website\"},\"datePublished\":\"2018-08-26T16:26:27+00:00\",\"dateModified\":\"2024-06-04T16:23:00+00:00\",\"breadcrumb\":{\"@id\":\"https:\\\/\\\/rebuildingtogethersf.org\\\/apply\\\/community-space-renovations\\\/#breadcrumb\"},\"inLanguage\":\"es\",\"potentialAction\":[{\"@type\":\"ReadAction\",\"target\":[\"https:\\\/\\\/rebuildingtogethersf.org\\\/apply\\\/community-space-renovations\\\/\"]}]},{\"@type\":\"BreadcrumbList\",\"@id\":\"https:\\\/\\\/rebuildingtogethersf.org\\\/apply\\\/community-space-renovations\\\/#breadcrumb\",\"itemListElement\":[{\"@type\":\"ListItem\",\"position\":1,\"name\":\"Home\",\"item\":\"https:\\\/\\\/rebuildingtogethersf.org\\\/\"},{\"@type\":\"ListItem\",\"position\":2,\"name\":\"Apply\",\"item\":\"https:\\\/\\\/rebuildingtogethersf.org\\\/apply\\\/\"},{\"@type\":\"ListItem\",\"position\":3,\"name\":\"Community Space Renovations\"}]},{\"@type\":\"WebSite\",\"@id\":\"https:\\\/\\\/rebuildingtogethersf.org\\\/#website\",\"url\":\"https:\\\/\\\/rebuildingtogethersf.org\\\/\",\"name\":\"Rebuilding Together SF\",\"description\":\"Repairing homes, revitalizing communities, rebuilding lives!\",\"potentialAction\":[{\"@type\":\"SearchAction\",\"target\":{\"@type\":\"EntryPoint\",\"urlTemplate\":\"https:\\\/\\\/rebuildingtogethersf.org\\\/?s={search_term_string}\"},\"query-input\":{\"@type\":\"PropertyValueSpecification\",\"valueRequired\":true,\"valueName\":\"search_term_string\"}}],\"inLanguage\":\"es\"}]}<\/script>\n<!-- \/ Yoast SEO plugin. -->","yoast_head_json":{"title":"Renovaci\u00f3n de espacios comunitarios - Rebuilding Together SF","robots":{"index":"index","follow":"follow","max-snippet":"max-snippet:-1","max-image-preview":"max-image-preview:large","max-video-preview":"max-video-preview:-1"},"canonical":"https:\/\/rebuildingtogethersf.org\/es\/aplicar\/renovacion-del-espacio-comunitario\/","og_locale":"es_MX","og_type":"article","og_title":"Community Space Renovations - Rebuilding Together SF","og_url":"https:\/\/rebuildingtogethersf.org\/es\/aplicar\/renovacion-del-espacio-comunitario\/","og_site_name":"Rebuilding Together SF","article_modified_time":"2024-06-04T16:23:00+00:00","twitter_card":"summary_large_image","twitter_misc":{"Tiempo de lectura":"1 minuto"},"schema":{"@context":"https:\/\/schema.org","@graph":[{"@type":"WebPage","@id":"https:\/\/rebuildingtogethersf.org\/apply\/community-space-renovations\/","url":"https:\/\/rebuildingtogethersf.org\/apply\/community-space-renovations\/","name":"Renovaci\u00f3n de espacios comunitarios - Rebuilding Together SF","isPartOf":{"@id":"https:\/\/rebuildingtogethersf.org\/#website"},"datePublished":"2018-08-26T16:26:27+00:00","dateModified":"2024-06-04T16:23:00+00:00","breadcrumb":{"@id":"https:\/\/rebuildingtogethersf.org\/apply\/community-space-renovations\/#breadcrumb"},"inLanguage":"es","potentialAction":[{"@type":"ReadAction","target":["https:\/\/rebuildingtogethersf.org\/apply\/community-space-renovations\/"]}]},{"@type":"BreadcrumbList","@id":"https:\/\/rebuildingtogethersf.org\/apply\/community-space-renovations\/#breadcrumb","itemListElement":[{"@type":"ListItem","position":1,"name":"Home","item":"https:\/\/rebuildingtogethersf.org\/"},{"@type":"ListItem","position":2,"name":"Apply","item":"https:\/\/rebuildingtogethersf.org\/apply\/"},{"@type":"ListItem","position":3,"name":"Community Space Renovations"}]},{"@type":"WebSite","@id":"https:\/\/rebuildingtogethersf.org\/#website","url":"https:\/\/rebuildingtogethersf.org\/","name":"Reconstruyendo Juntos SF","description":"Reparar hogares, revitalizar comunidades, reconstruir vidas.","potentialAction":[{"@type":"SearchAction","target":{"@type":"EntryPoint","urlTemplate":"https:\/\/rebuildingtogethersf.org\/?s={search_term_string}"},"query-input":{"@type":"PropertyValueSpecification","valueRequired":true,"valueName":"search_term_string"}}],"inLanguage":"es"}]}},"campaignId":"","_links":{"self":[{"href":"https:\/\/rebuildingtogethersf.org\/es\/wp-json\/wp\/v2\/pages\/150","targetHints":{"allow":["GET"]}}],"collection":[{"href":"https:\/\/rebuildingtogethersf.org\/es\/wp-json\/wp\/v2\/pages"}],"about":[{"href":"https:\/\/rebuildingtogethersf.org\/es\/wp-json\/wp\/v2\/types\/page"}],"author":[{"embeddable":true,"href":"https:\/\/rebuildingtogethersf.org\/es\/wp-json\/wp\/v2\/users\/1"}],"replies":[{"embeddable":true,"href":"https:\/\/rebuildingtogethersf.org\/es\/wp-json\/wp\/v2\/comments?post=150"}],"version-history":[{"count":5,"href":"https:\/\/rebuildingtogethersf.org\/es\/wp-json\/wp\/v2\/pages\/150\/revisions"}],"predecessor-version":[{"id":2005,"href":"https:\/\/rebuildingtogethersf.org\/es\/wp-json\/wp\/v2\/pages\/150\/revisions\/2005"}],"up":[{"embeddable":true,"href":"https:\/\/rebuildingtogethersf.org\/es\/wp-json\/wp\/v2\/pages\/6"}],"wp:attachment":[{"href":"https:\/\/rebuildingtogethersf.org\/es\/wp-json\/wp\/v2\/media?parent=150"}],"curies":[{"name":"wp","href":"https:\/\/api.w.org\/{rel}","templated":true}]}}