{"id":18,"date":"2018-08-21T02:38:07","date_gmt":"2018-08-21T02:38:07","guid":{"rendered":"http:\/\/localhost:8888\/?page_id=18"},"modified":"2025-06-27T19:29:13","modified_gmt":"2025-06-27T19:29:13","slug":"rebuilding-together-san-francisco","status":"publish","type":"page","link":"https:\/\/rebuildingtogethersf.org\/es\/","title":{"rendered":"Reconstruyendo Juntos San Francisco"},"content":{"rendered":"<div class=\"vc_row wpb_row vc_row-fluid\"><div class=\"wpb_column vc_column_container vc_col-sm-12\"><div class=\"vc_column-inner\"><div class=\"wpb_wrapper\">\n\t<div class=\"wpb_text_column wpb_content_element\" >\n\t\t<div class=\"wpb_wrapper\">\n\t\t\t\n\t\t<\/div>\n\t<\/div>\n<\/div><\/div><\/div><\/div><div data-vc-full-width=\"true\" data-vc-full-width-init=\"false\" class=\"vc_row wpb_row vc_row-fluid vc_custom_1586847715574 vc_row-has-fill\"><div class=\"wpb_column vc_column_container vc_col-sm-12\"><div class=\"vc_column-inner vc_custom_1586847594573\"><div class=\"wpb_wrapper\">\n\t<div class=\"wpb_text_column wpb_content_element  vc_custom_1751052525077\" >\n\t\t<div class=\"wpb_wrapper\">\n\t\t\t<h4 style=\"text-align: center;\"><a style=\"text-decoration: unset;\" href=\"https:\/\/rebuildingtogethersf.org\/es\/participa\/#!\/ourimpact\"><span style=\"color: #ffffff;\"><span style=\"text-decoration: underline; color: #ffffff;\">Vea c\u00f3mo<\/span> ayudamos a los vecinos de San Francisco<\/span><\/a><\/h4>\n\n\t\t<\/div>\n\t<\/div>\n<\/div><\/div><\/div><\/div><div class=\"vc_row-full-width vc_clearfix\"><\/div><div data-vc-full-width=\"true\" data-vc-full-width-init=\"false\" class=\"vc_row wpb_row vc_row-fluid vc_custom_1556805169443\"><div class=\"wpb_column vc_column_container vc_col-sm-2\"><div class=\"vc_column-inner\"><div class=\"wpb_wrapper\"><\/div><\/div><\/div><div class=\"wpb_column vc_column_container vc_col-sm-8\"><div class=\"vc_column-inner\"><div class=\"wpb_wrapper\">\n\t<div class=\"wpb_text_column wpb_content_element  light\" >\n\t\t<div class=\"wpb_wrapper\">\n\t\t\t<h1 style=\"text-align: center;\">Nuestra misi\u00f3n<\/h1>\n<h2 style=\"text-align: center;\">Reparar hogares, revitalizar comunidades, reconstruir vidas.<\/h2>\n\n\t\t<\/div>\n\t<\/div>\n<style type=\"text\/css\" data-type=\"the7_shortcodes-inline-css\">#default-btn-fc1456a35a8602138c0d04ccc0a50362 > i {\n  font-size: 11px;\n}\n#default-btn-fc1456a35a8602138c0d04ccc0a50362 * {\n  vertical-align: middle;\n}\n<\/style><div class=\"btn-align-center\"><a href=\"https:\/\/rebuildingtogethersf.org\/es\/quienes-somos\/#!\/aboutus\" class=\"default-btn-shortcode dt-btn dt-btn-l\" target=\"_blank\" id=\"default-btn-fc1456a35a8602138c0d04ccc0a50362\" title=\"acerca de nosotros\"><span>M\u00e1s informaci\u00f3n<\/span><\/a><\/div><\/div><\/div><\/div><div class=\"wpb_column vc_column_container vc_col-sm-2\"><div class=\"vc_column-inner\"><div class=\"wpb_wrapper\"><\/div><\/div><\/div><\/div><div class=\"vc_row-full-width vc_clearfix\"><\/div><!-- Row Backgrounds --><div class=\"upb_bg_img\" data-ultimate-bg=\"url(https:\/\/rebuildingtogethersf.org\/wp-content\/uploads\/2018\/09\/RBSF-OurMission.jpg)\" data-image-id=\"id^206|url^https:\/\/rebuildingtogethersf.org\/wp-content\/uploads\/2018\/09\/RBSF-OurMission.jpg|caption^null|alt^null|title^RBSF-OurMission|description^null\" data-ultimate-bg-style=\"vcpb-default\" data-bg-img-repeat=\"no-repeat\" data-bg-img-size=\"cover\" data-bg-img-position=\"\" data-parallx_sense=\"30\" data-bg-override=\"0\" data-bg_img_attach=\"scroll\" data-upb-overlay-color=\"rgba(12,12,12,0.6)\" data-upb-bg-animation=\"\" data-fadeout=\"\" data-bg-animation=\"left-animation\" data-bg-animation-type=\"h\" data-animation-repeat=\"repeat\" data-fadeout-percentage=\"30\" data-parallax-content=\"\" data-parallax-content-sense=\"30\" data-row-effect-mobile-disable=\"true\" data-img-parallax-mobile-disable=\"true\" data-rtl=\"false\"  data-custom-vc-row=\"\"  data-vc=\"6.0.5\"  data-is_old_vc=\"\"  data-theme-support=\"\"   data-overlay=\"true\" data-overlay-color=\"rgba(12,12,12,0.6)\" data-overlay-pattern=\"\" data-overlay-pattern-opacity=\"0.8\" data-overlay-pattern-size=\"\" data-overlay-pattern-attachment=\"scroll\"    ><\/div><div class=\"vc_row wpb_row vc_row-fluid\"><div class=\"wpb_column vc_column_container vc_col-sm-6\"><div class=\"vc_column-inner\"><div class=\"wpb_wrapper\"><div class=\"vc_icon_element vc_icon_element-outer vc_custom_1556766474999 vc_icon_element-align-center\"><div class=\"vc_icon_element-inner vc_icon_element-color-custom vc_icon_element-size-xl vc_icon_element-style- vc_icon_element-background-color-grey\" ><span class=\"vc_icon_element-icon fa fa-life-ring\" style=\"color:#60bb46 !important\"><\/span><\/div><\/div>\n\t<div class=\"wpb_text_column wpb_content_element\" >\n\t\t<div class=\"wpb_wrapper\">\n\t\t\t<h2 style=\"text-align: center;\">Obtener ayuda<\/h2>\n<p style=\"text-align: center;\">Rebuilding Together San Francisco ofrece programas de reparaci\u00f3n y renovaci\u00f3n de viviendas para propietarios, inquilinos, organizaciones sin \u00e1nimo de lucro y espacios comunitarios. El trabajo que realizamos crea barrios m\u00e1s seguros y saludables y hace posible que las personas vivan m\u00e1s tiempo en sus propias casas.<\/p>\n\n\t\t<\/div>\n\t<\/div>\n<style type=\"text\/css\" data-type=\"the7_shortcodes-inline-css\">#default-btn-9a662a12d42029894d2f98f436b1ea45 > i {\n  font-size: 11px;\n}\n#default-btn-9a662a12d42029894d2f98f436b1ea45 * {\n  vertical-align: middle;\n}\n<\/style><div class=\"btn-align-center\"><a href=\"\/es\/aplicar\/\" class=\"default-btn-shortcode dt-btn dt-btn-l\" id=\"default-btn-9a662a12d42029894d2f98f436b1ea45\"><span>Solicitar<\/span><\/a><\/div><\/div><\/div><\/div><div class=\"wpb_column vc_column_container vc_col-sm-6\"><div class=\"vc_column-inner\"><div class=\"wpb_wrapper\"><div class=\"vc_icon_element vc_icon_element-outer vc_custom_1556766467022 vc_icon_element-align-center\"><div class=\"vc_icon_element-inner vc_icon_element-color-custom vc_icon_element-size-xl vc_icon_element-style- vc_icon_element-background-color-grey\" ><span class=\"vc_icon_element-icon fa fa-handshake-o\" style=\"color:#60bb46 !important\"><\/span><\/div><\/div>\n\t<div class=\"wpb_text_column wpb_content_element\" >\n\t\t<div class=\"wpb_wrapper\">\n\t\t\t<h2 style=\"text-align: center;\">Participa<\/h2>\n<p style=\"text-align: center;\">Nuestro objetivo es ofrecer un espacio familiar y divertido para que nuestros voluntarios sirvan a la ciudad que aman. Aunque solo puedas donar un d\u00eda, tu trabajo es inestimable, y una vez involucrado te convertir\u00e1s r\u00e1pidamente en parte de la familia RTSF.<\/p>\n\n\t\t<\/div>\n\t<\/div>\n<style type=\"text\/css\" data-type=\"the7_shortcodes-inline-css\">#default-btn-a5c8365084d36640589748d5432989d7 > i {\n  font-size: 11px;\n}\n#default-btn-a5c8365084d36640589748d5432989d7 * {\n  vertical-align: middle;\n}\n<\/style><div class=\"btn-align-center\"><a href=\"\/es\/participa\/#!\/volunteer\" class=\"default-btn-shortcode dt-btn dt-btn-l\" id=\"default-btn-a5c8365084d36640589748d5432989d7\"><span>Voluntario<\/span><\/a><\/div><\/div><\/div><\/div><\/div><div class=\"vc_row wpb_row vc_row-fluid\"><div class=\"wpb_column vc_column_container vc_col-sm-12\"><div class=\"vc_column-inner\"><div class=\"wpb_wrapper\"><div class=\"ult-spacer spacer-69ef6b7924cfe\" data-id=\"69ef6b7924cfe\" data-height=\"50\" data-height-mobile=\"50\" data-height-tab=\"50\" data-height-tab-portrait=\"\" data-height-mobile-landscape=\"25\" style=\"clear:both;display:block;\"><\/div><\/div><\/div><\/div><\/div><div data-vc-full-width=\"true\" data-vc-full-width-init=\"false\" class=\"vc_row wpb_row vc_row-fluid vc_custom_1556766891795 vc_row-has-fill\"><div class=\"wpb_column vc_column_container vc_col-sm-12\"><div class=\"vc_column-inner\"><div class=\"wpb_wrapper\">\n\t<div class=\"wpb_text_column wpb_content_element  light\" >\n\t\t<div class=\"wpb_wrapper\">\n\t\t\t<h2 style=\"text-align: center;\">Mant\u00e9ngase al d\u00eda con Rebuilding Together SF<\/h2>\n\n\t\t<\/div>\n\t<\/div>\n<style type=\"text\/css\" data-type=\"the7_shortcodes-inline-css\">#default-btn-02f3d2e005bb239b3496c0365b67af88:not(:hover) {\n  background: #ffffff !important;\n  color: #60bb46;\n}\n#default-btn-02f3d2e005bb239b3496c0365b67af88:not(:hover) * {\n  color: #60bb46;\n}\n.btn-3d #default-btn-02f3d2e005bb239b3496c0365b67af88:not(:hover) {\n  border-bottom-color: #e0e0e0;\n}\n#default-btn-02f3d2e005bb239b3496c0365b67af88:hover {\n  background: rgba(255,255,255,0.94) !important;\n  color: #60bb46;\n}\n#default-btn-02f3d2e005bb239b3496c0365b67af88:hover * {\n  color: #60bb46;\n}\n.btn-3d #default-btn-02f3d2e005bb239b3496c0365b67af88:hover {\n  border-bottom-color: rgba(224,224,224,0.94);\n}\n#default-btn-02f3d2e005bb239b3496c0365b67af88 > i {\n  font-size: 11px;\n}\n#default-btn-02f3d2e005bb239b3496c0365b67af88 * {\n  vertical-align: middle;\n}\n<\/style><div class=\"btn-align-center\"><a href=\"\/es\/boletin\/\" class=\"default-btn-shortcode dt-btn dt-btn-l\" id=\"default-btn-02f3d2e005bb239b3496c0365b67af88\"><span>Suscr\u00edbase a nuestro bolet\u00edn<\/span><\/a><\/div><\/div><\/div><\/div><\/div><div class=\"vc_row-full-width vc_clearfix\"><\/div><!-- Row Backgrounds --><div class=\"upb_bg_img\" data-ultimate-bg=\"url(https:\/\/rebuildingtogethersf.org\/wp-content\/uploads\/2019\/03\/DSCF5782.jpg)\" data-image-id=\"id^650|url^https:\/\/rebuildingtogethersf.org\/wp-content\/uploads\/2019\/03\/DSCF5782.jpg|caption^null|alt^null|title^DSCF5782|description^null\" data-ultimate-bg-style=\"vcpb-default\" data-bg-img-repeat=\"repeat\" data-bg-img-size=\"cover\" data-bg-img-position=\"\" data-parallx_sense=\"30\" data-bg-override=\"0\" data-bg_img_attach=\"scroll\" data-upb-overlay-color=\"rgba(96,187,70,0.79)\" data-upb-bg-animation=\"\" data-fadeout=\"\" data-bg-animation=\"left-animation\" data-bg-animation-type=\"h\" data-animation-repeat=\"repeat\" data-fadeout-percentage=\"30\" data-parallax-content=\"\" data-parallax-content-sense=\"30\" data-row-effect-mobile-disable=\"true\" data-img-parallax-mobile-disable=\"true\" data-rtl=\"false\"  data-custom-vc-row=\"\"  data-vc=\"6.0.5\"  data-is_old_vc=\"\"  data-theme-support=\"\"   data-overlay=\"true\" data-overlay-color=\"rgba(96,187,70,0.79)\" data-overlay-pattern=\"https:\/\/rebuildingtogethersf.org\/wp-content\/plugins\/Ultimate_VC_Addons\/assets\/images\/patterns\/01.png\" data-overlay-pattern-opacity=\"0.3\" data-overlay-pattern-size=\"2\" data-overlay-pattern-attachment=\"scroll\"    ><\/div><div class=\"vc_row wpb_row vc_row-fluid\"><div class=\"wpb_column vc_column_container vc_col-sm-12\"><div class=\"vc_column-inner\"><div class=\"wpb_wrapper\">\n\t<div class=\"wpb_raw_code wpb_content_element wpb_raw_html\" >\n\t\t<div class=\"wpb_wrapper\">\n\t\t\t<a href=\"https:\/\/www.guidestar.org\/profile\/94-3107808\" target=\"_blank\"><img decoding=\"async\" src=\"https:\/\/widgets.guidestar.org\/gximage2?o=8411157&l=v4\" \/><\/a>\n\t\t<\/div>\n\t<\/div>\n<\/div><\/div><\/div><\/div>","protected":false},"excerpt":{"rendered":"<p>Vea c\u00f3mo ayudamos a los vecinos de San Francisco Nuestra misi\u00f3n Reparar viviendas, revitalizar comunidades, reconstruir vidas. Obtenga ayuda Rebuilding Together San Francisco ofrece programas de reparaci\u00f3n y renovaci\u00f3n de viviendas para propietarios, inquilinos, organizaciones sin \u00e1nimo de lucro y espacios comunitarios. El trabajo que realizamos crea vecindarios m\u00e1s seguros y saludables y hace posible que las personas vivan en sus...<\/p>","protected":false},"author":1,"featured_media":0,"parent":0,"menu_order":0,"comment_status":"closed","ping_status":"closed","template":"","meta":{"give_campaign_id":0,"om_disable_all_campaigns":false,"_monsterinsights_skip_tracking":false,"_monsterinsights_sitenote_active":false,"_monsterinsights_sitenote_note":"","_monsterinsights_sitenote_category":0},"class_list":["post-18","page","type-page","status-publish","hentry","description-off"],"yoast_head":"<!-- This site is optimized with the Yoast SEO plugin v27.4 - https:\/\/yoast.com\/product\/yoast-seo-wordpress\/ -->\n<title>Homepage - Community Revitalization - Rebuilding Together SF<\/title>\n<meta name=\"description\" content=\"Join Rebuilding Together SF in revitalizing communities and homes. Volunteer or donate to make a difference today.\" \/>\n<meta name=\"robots\" content=\"index, follow, max-snippet:-1, max-image-preview:large, max-video-preview:-1\" \/>\n<link rel=\"canonical\" href=\"https:\/\/rebuildingtogethersf.org\/es\/\" \/>\n<meta property=\"og:locale\" content=\"es_MX\" \/>\n<meta property=\"og:type\" content=\"article\" \/>\n<meta property=\"og:title\" content=\"Homepage - Community Revitalization - Rebuilding Together SF\" \/>\n<meta property=\"og:description\" content=\"Join Rebuilding Together SF in revitalizing communities and homes. Volunteer or donate to make a difference today.\" \/>\n<meta property=\"og:url\" content=\"https:\/\/rebuildingtogethersf.org\/es\/\" \/>\n<meta property=\"og:site_name\" content=\"Rebuilding Together SF\" \/>\n<meta property=\"article:modified_time\" content=\"2025-06-27T19:29:13+00:00\" \/>\n<meta name=\"twitter:card\" content=\"summary_large_image\" \/>\n<meta name=\"twitter:label1\" content=\"Tiempo de lectura\" \/>\n\t<meta name=\"twitter:data1\" content=\"2 minutos\" \/>\n<script type=\"application\/ld+json\" class=\"yoast-schema-graph\">{\"@context\":\"https:\\\/\\\/schema.org\",\"@graph\":[{\"@type\":\"WebPage\",\"@id\":\"https:\\\/\\\/rebuildingtogethersf.org\\\/\",\"url\":\"https:\\\/\\\/rebuildingtogethersf.org\\\/\",\"name\":\"Homepage - Community Revitalization - Rebuilding Together SF\",\"isPartOf\":{\"@id\":\"https:\\\/\\\/rebuildingtogethersf.org\\\/#website\"},\"datePublished\":\"2018-08-21T02:38:07+00:00\",\"dateModified\":\"2025-06-27T19:29:13+00:00\",\"description\":\"Join Rebuilding Together SF in revitalizing communities and homes. Volunteer or donate to make a difference today.\",\"breadcrumb\":{\"@id\":\"https:\\\/\\\/rebuildingtogethersf.org\\\/#breadcrumb\"},\"inLanguage\":\"es\",\"potentialAction\":[{\"@type\":\"ReadAction\",\"target\":[\"https:\\\/\\\/rebuildingtogethersf.org\\\/\"]}]},{\"@type\":\"BreadcrumbList\",\"@id\":\"https:\\\/\\\/rebuildingtogethersf.org\\\/#breadcrumb\",\"itemListElement\":[{\"@type\":\"ListItem\",\"position\":1,\"name\":\"Home\",\"item\":\"https:\\\/\\\/rebuildingtogethersf.org\\\/\"},{\"@type\":\"ListItem\",\"position\":2,\"name\":\"Rebuilding Together San Francisco\"}]},{\"@type\":\"WebSite\",\"@id\":\"https:\\\/\\\/rebuildingtogethersf.org\\\/#website\",\"url\":\"https:\\\/\\\/rebuildingtogethersf.org\\\/\",\"name\":\"Rebuilding Together SF\",\"description\":\"Repairing homes, revitalizing communities, rebuilding lives!\",\"potentialAction\":[{\"@type\":\"SearchAction\",\"target\":{\"@type\":\"EntryPoint\",\"urlTemplate\":\"https:\\\/\\\/rebuildingtogethersf.org\\\/?s={search_term_string}\"},\"query-input\":{\"@type\":\"PropertyValueSpecification\",\"valueRequired\":true,\"valueName\":\"search_term_string\"}}],\"inLanguage\":\"es\"}]}<\/script>\n<!-- \/ Yoast SEO plugin. -->","yoast_head_json":{"title":"P\u00e1gina de inicio - Revitalizaci\u00f3n de la comunidad - Rebuilding Together SF","description":"\u00danase a Rebuilding Together SF para revitalizar comunidades y hogares. Hazte voluntario o dona para marcar la diferencia hoy mismo.","robots":{"index":"index","follow":"follow","max-snippet":"max-snippet:-1","max-image-preview":"max-image-preview:large","max-video-preview":"max-video-preview:-1"},"canonical":"https:\/\/rebuildingtogethersf.org\/es\/","og_locale":"es_MX","og_type":"article","og_title":"Homepage - Community Revitalization - Rebuilding Together SF","og_description":"Join Rebuilding Together SF in revitalizing communities and homes. Volunteer or donate to make a difference today.","og_url":"https:\/\/rebuildingtogethersf.org\/es\/","og_site_name":"Rebuilding Together SF","article_modified_time":"2025-06-27T19:29:13+00:00","twitter_card":"summary_large_image","twitter_misc":{"Tiempo de lectura":"2 minutos"},"schema":{"@context":"https:\/\/schema.org","@graph":[{"@type":"WebPage","@id":"https:\/\/rebuildingtogethersf.org\/","url":"https:\/\/rebuildingtogethersf.org\/","name":"P\u00e1gina de inicio - Revitalizaci\u00f3n de la comunidad - Rebuilding Together SF","isPartOf":{"@id":"https:\/\/rebuildingtogethersf.org\/#website"},"datePublished":"2018-08-21T02:38:07+00:00","dateModified":"2025-06-27T19:29:13+00:00","description":"\u00danase a Rebuilding Together SF para revitalizar comunidades y hogares. Hazte voluntario o dona para marcar la diferencia hoy mismo.","breadcrumb":{"@id":"https:\/\/rebuildingtogethersf.org\/#breadcrumb"},"inLanguage":"es","potentialAction":[{"@type":"ReadAction","target":["https:\/\/rebuildingtogethersf.org\/"]}]},{"@type":"BreadcrumbList","@id":"https:\/\/rebuildingtogethersf.org\/#breadcrumb","itemListElement":[{"@type":"ListItem","position":1,"name":"Home","item":"https:\/\/rebuildingtogethersf.org\/"},{"@type":"ListItem","position":2,"name":"Rebuilding Together San Francisco"}]},{"@type":"WebSite","@id":"https:\/\/rebuildingtogethersf.org\/#website","url":"https:\/\/rebuildingtogethersf.org\/","name":"Reconstruyendo Juntos SF","description":"Reparar hogares, revitalizar comunidades, reconstruir vidas.","potentialAction":[{"@type":"SearchAction","target":{"@type":"EntryPoint","urlTemplate":"https:\/\/rebuildingtogethersf.org\/?s={search_term_string}"},"query-input":{"@type":"PropertyValueSpecification","valueRequired":true,"valueName":"search_term_string"}}],"inLanguage":"es"}]}},"campaignId":"","_links":{"self":[{"href":"https:\/\/rebuildingtogethersf.org\/es\/wp-json\/wp\/v2\/pages\/18","targetHints":{"allow":["GET"]}}],"collection":[{"href":"https:\/\/rebuildingtogethersf.org\/es\/wp-json\/wp\/v2\/pages"}],"about":[{"href":"https:\/\/rebuildingtogethersf.org\/es\/wp-json\/wp\/v2\/types\/page"}],"author":[{"embeddable":true,"href":"https:\/\/rebuildingtogethersf.org\/es\/wp-json\/wp\/v2\/users\/1"}],"replies":[{"embeddable":true,"href":"https:\/\/rebuildingtogethersf.org\/es\/wp-json\/wp\/v2\/comments?post=18"}],"version-history":[{"count":56,"href":"https:\/\/rebuildingtogethersf.org\/es\/wp-json\/wp\/v2\/pages\/18\/revisions"}],"predecessor-version":[{"id":2081,"href":"https:\/\/rebuildingtogethersf.org\/es\/wp-json\/wp\/v2\/pages\/18\/revisions\/2081"}],"wp:attachment":[{"href":"https:\/\/rebuildingtogethersf.org\/es\/wp-json\/wp\/v2\/media?parent=18"}],"curies":[{"name":"wp","href":"https:\/\/api.w.org\/{rel}","templated":true}]}}