{"id":1833,"date":"2022-12-21T19:19:55","date_gmt":"2022-12-21T19:19:55","guid":{"rendered":"https:\/\/rebuildingtogethersf.org\/?page_id=1833"},"modified":"2025-08-01T22:56:43","modified_gmt":"2025-08-01T22:56:43","slug":"homeishealth","status":"publish","type":"page","link":"https:\/\/rebuildingtogethersf.org\/es\/homeishealth\/","title":{"rendered":"El hogar es salud"},"content":{"rendered":"<div class=\"vc_row wpb_row vc_row-fluid\"><div class=\"wpb_column vc_column_container vc_col-sm-12\"><div class=\"vc_column-inner\"><div class=\"wpb_wrapper\">\n\t<div  class=\"wpb_single_image wpb_content_element vc_align_center\">\n\t\t\n\t\t<figure class=\"wpb_wrapper vc_figure\">\n\t\t\t<div class=\"vc_single_image-wrapper   vc_box_border_grey\"><img loading=\"lazy\" decoding=\"async\" width=\"1080\" height=\"1080\" src=\"https:\/\/rebuildingtogethersf.org\/wp-content\/uploads\/2025\/07\/Home-is-Health-Mid-Year-Campaign-Instagram-Post-1.png\" class=\"vc_single_image-img attachment-full\" alt=\"\" srcset=\"https:\/\/rebuildingtogethersf.org\/wp-content\/uploads\/2025\/07\/Home-is-Health-Mid-Year-Campaign-Instagram-Post-1.png 1080w, https:\/\/rebuildingtogethersf.org\/wp-content\/uploads\/2025\/07\/Home-is-Health-Mid-Year-Campaign-Instagram-Post-1-300x300.png 300w, https:\/\/rebuildingtogethersf.org\/wp-content\/uploads\/2025\/07\/Home-is-Health-Mid-Year-Campaign-Instagram-Post-1-1024x1024.png 1024w, https:\/\/rebuildingtogethersf.org\/wp-content\/uploads\/2025\/07\/Home-is-Health-Mid-Year-Campaign-Instagram-Post-1-150x150.png 150w, https:\/\/rebuildingtogethersf.org\/wp-content\/uploads\/2025\/07\/Home-is-Health-Mid-Year-Campaign-Instagram-Post-1-768x768.png 768w, https:\/\/rebuildingtogethersf.org\/wp-content\/uploads\/2025\/07\/Home-is-Health-Mid-Year-Campaign-Instagram-Post-1-12x12.png 12w, https:\/\/rebuildingtogethersf.org\/wp-content\/uploads\/2025\/07\/Home-is-Health-Mid-Year-Campaign-Instagram-Post-1-600x600.png 600w, https:\/\/rebuildingtogethersf.org\/wp-content\/uploads\/2025\/07\/Home-is-Health-Mid-Year-Campaign-Instagram-Post-1-200x200.png 200w\" sizes=\"auto, (max-width: 1080px) 100vw, 1080px\"  data-dt-location=\"https:\/\/rebuildingtogethersf.org\/es\/homeishealth\/home-is-health-mid-year-campaign-instagram-post-2\/\" \/><\/div>\n\t\t<\/figure>\n\t<\/div>\n<\/div><\/div><\/div><\/div><div class=\"vc_row wpb_row vc_row-fluid\"><div class=\"wpb_column vc_column_container vc_col-sm-12\"><div class=\"vc_column-inner\"><div class=\"wpb_wrapper\">\n\t<div class=\"wpb_text_column wpb_content_element\" >\n\t\t<div class=\"wpb_wrapper\">\n\t\t\t<h2><strong>Patrocinio de empresas<\/strong><\/h2>\n\n\t\t<\/div>\n\t<\/div>\n\n\t<div class=\"wpb_text_column wpb_content_element\" >\n\t\t<div class=\"wpb_wrapper\">\n\t\t\t<h3 style=\"text-align: center;\">Vea el v\u00eddeo de nuestro 35 aniversario y compruebe nuestro impacto.<\/h3>\n\n\t\t<\/div>\n\t<\/div>\n<div class=\"ubtn-ctn-center\"><a class=\"ubtn-link ult-adjust-bottom-margin ubtn-center ubtn-large\" href=\"https:\/\/youtu.be\/SF82XBG9Iw8?feature=shared\" ><button type=\"button\" id=\"ubtn-2021\"  class=\"ubtn ult-adjust-bottom-margin ult-responsive ubtn-large ubtn-no-hover-bg  none  ubtn-center   tooltip-69ff4e0d3f276\"  data-hover=\"\" data-border-color=\"\" data-bg=\"#7ac143\" data-hover-bg=\"\" data-border-hover=\"\" data-shadow-hover=\"\" data-shadow-click=\"none\" data-shadow=\"\" data-shd-shadow=\"\"  data-ultimate-target='#ubtn-2021'  data-responsive-json-new='{\"font-size\":\"desktop:35px;tablet:30px;\",\"line-height\":\"\"}'  style=\"font-weight:bold;border:none;background: #7ac143;color: #fcfcfc;\"><span class=\"ubtn-hover\" style=\"background-color:\"><\/span><span class=\"ubtn-data ubtn-text\" >VER AQU\u00cd<\/span><\/button><\/a><\/div><\/div><\/div><\/div><\/div><div class=\"vc_row wpb_row vc_row-fluid\"><div class=\"wpb_column vc_column_container vc_col-sm-12\"><div class=\"vc_column-inner\"><div class=\"wpb_wrapper\"><\/div><\/div><\/div><\/div><div class=\"vc_row wpb_row vc_row-fluid\"><div class=\"wpb_column vc_column_container vc_col-sm-12\"><div class=\"vc_column-inner\"><div class=\"wpb_wrapper\">\n\t<div class=\"wpb_text_column wpb_content_element\" >\n\t\t<div class=\"wpb_wrapper\">\n\t\t\t<h2>Convi\u00e9rtase en patrocinador<\/h2>\n\n\t\t<\/div>\n\t<\/div>\n\n\t<div class=\"wpb_text_column wpb_content_element\" >\n\t\t<div class=\"wpb_wrapper\">\n\t\t\t<h4><span style=\"font-weight: 400;\">\u00danase a Rebuilding Together San Francisco (RTSF) y a sus socios de toda la ciudad para transformar el v\u00ednculo entre vivienda y salud. 87% de los adultos mayores de 65 a\u00f1os quieren permanecer en su hogar y comunidad actuales a medida que envejecen, sin embargo, menos de 1 de cada 10 hogares en los EE.UU. est\u00e1n preparados para el envejecimiento con caracter\u00edsticas como entradas sin escalones, viviendas de una sola planta y ba\u00f1os accesibles (AARP). Su empresa puede desempe\u00f1ar un papel fundamental en la seguridad de los habitantes vulnerables de San Francisco a trav\u00e9s de un modelo probado que conecta la inversi\u00f3n empresarial con el impacto directo en la comunidad. Posicione su empresa como una soluci\u00f3n a la crisis sanitaria y de vivienda de San Francisco asoci\u00e1ndose con Rebuilding Together San Francisco.<\/span><\/h4>\n\n\t\t<\/div>\n\t<\/div>\n\n\t<div class=\"wpb_text_column wpb_content_element\" >\n\t\t<div class=\"wpb_wrapper\">\n\t\t\t<h3>Niveles de patrocinio<\/h3>\n\n\t\t<\/div>\n\t<\/div>\n<\/div><\/div><\/div><\/div><div class=\"vc_row wpb_row vc_row-fluid\"><div class=\"wpb_column vc_column_container vc_col-sm-3\"><div class=\"vc_column-inner\"><div class=\"wpb_wrapper\"><div class=\"vc_icon_element vc_icon_element-outer vc_icon_element-align-center\"><div class=\"vc_icon_element-inner vc_icon_element-color-custom vc_icon_element-size-xl vc_icon_element-style- vc_icon_element-background-color-grey\" ><span class=\"vc_icon_element-icon fa fa-smile-o\" style=\"color:#7ac143 !important\"><\/span><\/div><\/div>\n\t<div class=\"wpb_text_column wpb_content_element\" >\n\t\t<div class=\"wpb_wrapper\">\n\t\t\t<h3 style=\"text-align: center;\">$5,000 - Vecino Saludable\/SHEBuilds<\/h3>\n\n\t\t<\/div>\n\t<\/div>\n\n\t<div class=\"wpb_text_column wpb_content_element\" >\n\t\t<div class=\"wpb_wrapper\">\n\t\t\t<p><b><i>Proteger a las generaciones venideras para que alcancen la independencia econ\u00f3mica y sanitaria.<\/i><\/b><\/p>\n<ul>\n<li style=\"font-weight: 400;\" aria-level=\"1\"><span style=\"font-weight: 400;\">Nombre\/logotipo de la empresa en el material de marketing de la RTSF (AF25-26)<\/span><\/li>\n<li style=\"font-weight: 400;\" aria-level=\"1\"><b>Oportunidad de voluntariado de 3 horas<\/b><span style=\"font-weight: 400;\"> hasta <\/span><b>5 miembros del equipo<\/b><\/li>\n<li style=\"font-weight: 400;\" aria-level=\"1\"><span style=\"font-weight: 400;\">Reconocimiento en el bolet\u00edn trimestral de la RTSF<\/span><\/li>\n<li style=\"font-weight: 400;\" aria-level=\"1\"><span style=\"font-weight: 400;\">Menci\u00f3n en las redes sociales al finalizar el proyecto<\/span><\/li>\n<li style=\"font-weight: 400;\" aria-level=\"1\"><span style=\"font-weight: 400;\">Certificado de reconocimiento para exponer en su lugar de trabajo<\/span><\/li>\n<li aria-level=\"1\">Se ofrece patrocinio SHEBuilds para iniciativas dirigidas por mujeres<\/li>\n<\/ul>\n\n\t\t<\/div>\n\t<\/div>\n<\/div><\/div><\/div><div class=\"wpb_column vc_column_container vc_col-sm-3\"><div class=\"vc_column-inner\"><div class=\"wpb_wrapper\"><div class=\"vc_icon_element vc_icon_element-outer vc_icon_element-align-center\"><div class=\"vc_icon_element-inner vc_icon_element-color-custom vc_icon_element-size-xl vc_icon_element-style- vc_icon_element-background-color-grey\" ><span class=\"vc_icon_element-icon fa fa-home\" style=\"color:#7ac143 !important\"><\/span><\/div><\/div>\n\t<div class=\"wpb_text_column wpb_content_element\" >\n\t\t<div class=\"wpb_wrapper\">\n\t\t\t<h3 style=\"text-align: center;\">$7.500 - Socio de Healthy Home<\/h3>\n\n\t\t<\/div>\n\t<\/div>\n\n\t<div class=\"wpb_text_column wpb_content_element\" >\n\t\t<div class=\"wpb_wrapper\">\n\t\t\t<p><b><i>Ay\u00fadenos a prevenir riesgos para la seguridad, a capacitar a los vecinos y a permitir que las personas mayores envejezcan seguras en su lugar.<\/i><\/b><\/p>\n<ul>\n<li style=\"font-weight: 400;\" aria-level=\"1\"><span style=\"font-weight: 400;\">Nombre\/logotipo de la Corporaci\u00f3n en todos los materiales de marketing de la RTSF (AF25-26)<\/span><\/li>\n<li style=\"font-weight: 400;\" aria-level=\"1\"><b>Oportunidad de voluntariado de 3 horas<\/b><span style=\"font-weight: 400;\"> hasta <\/span><b>10 miembros del equipo<\/b><\/li>\n<li style=\"font-weight: 400;\" aria-level=\"1\"><span style=\"font-weight: 400;\">Participaci\u00f3n pr\u00e1ctica en proyectos de mejora del hogar:<\/span>\n<ul>\n<li style=\"font-weight: 400;\" aria-level=\"2\"><span style=\"font-weight: 400;\">Jardiner\u00eda<\/span><\/li>\n<li style=\"font-weight: 400;\" aria-level=\"2\"><span style=\"font-weight: 400;\">Peque\u00f1as reparaciones dom\u00e9sticas<\/span><\/li>\n<li style=\"font-weight: 400;\" aria-level=\"2\"><span style=\"font-weight: 400;\">Tareas de mantenimiento<\/span><\/li>\n<\/ul>\n<\/li>\n<li style=\"font-weight: 400;\" aria-level=\"1\"><span style=\"font-weight: 400;\">Reconocimiento en las redes sociales con foto de grupo del d\u00eda del proyecto<\/span><\/li>\n<li style=\"font-weight: 400;\" aria-level=\"1\"><span style=\"font-weight: 400;\">Logotipo en la se\u00f1alizaci\u00f3n de la obra durante el d\u00eda del proyecto<\/span><\/li>\n<li style=\"font-weight: 400;\" aria-level=\"1\"><span style=\"font-weight: 400;\">Reconocimiento en el informe anual de impacto del RTSF<\/span><\/li>\n<\/ul>\n\n\t\t<\/div>\n\t<\/div>\n<\/div><\/div><\/div><div class=\"wpb_column vc_column_container vc_col-sm-3\"><div class=\"vc_column-inner\"><div class=\"wpb_wrapper\"><div class=\"vc_icon_element vc_icon_element-outer vc_icon_element-align-center\"><div class=\"vc_icon_element-inner vc_icon_element-color-custom vc_icon_element-size-xl vc_icon_element-style- vc_icon_element-background-color-grey\" ><span class=\"vc_icon_element-icon fa fa-users\" style=\"color:#7ac143 !important\"><\/span><\/div><\/div>\n\t<div class=\"wpb_text_column wpb_content_element\" >\n\t\t<div class=\"wpb_wrapper\">\n\t\t\t<h3 style=\"text-align: center;\">$10.000 - Comunidad sana<\/h3>\n\n\t\t<\/div>\n\t<\/div>\n\n\t<div class=\"wpb_text_column wpb_content_element\" >\n\t\t<div class=\"wpb_wrapper\">\n\t\t\t<p><b><i>Todo el mundo merece pertenecer a su comunidad y tener acceso a los recursos.<\/i><\/b><\/p>\n<ul>\n<li style=\"font-weight: 400;\" aria-level=\"1\"><span style=\"font-weight: 400;\">Reconocimiento de primer nivel en toda la divulgaci\u00f3n de la RTSF (impresa, digital, in situ).<\/span><\/li>\n<li style=\"font-weight: 400;\" aria-level=\"1\"><b>Oportunidad de voluntariado de 3 horas<\/b><span style=\"font-weight: 400;\"> hasta <\/span><b>15 miembros del equipo<\/b><\/li>\n<li style=\"font-weight: 400;\" aria-level=\"1\"><span style=\"font-weight: 400;\">Acceso prioritario a <\/span><b>proyecto de instalaciones comunitarias o viviendas de gran impacto<\/b><\/li>\n<li style=\"font-weight: 400;\" aria-level=\"1\"><b>Almuerzo y formaci\u00f3n<\/b><span style=\"font-weight: 400;\"> en la oficina de su empresa o virtualmente durante los a\u00f1os FY25-26<\/span><\/li>\n<li style=\"font-weight: 400;\" aria-level=\"1\"><span style=\"font-weight: 400;\">Logotipo en todos los medios de comunicaci\u00f3n, informes y pancartas de la RTSF<\/span><\/li>\n<li style=\"font-weight: 400;\" aria-level=\"1\"><span style=\"font-weight: 400;\">Perfil corporativo destacado en el bolet\u00edn de la RTSF (tirada: m\u00e1s de 3.000 ejemplares)<\/span><\/li>\n<li style=\"font-weight: 400;\" aria-level=\"1\"><span style=\"font-weight: 400;\">Invitaci\u00f3n anticipada al acto anual de agradecimiento de la RTSF<\/span><\/li>\n<\/ul>\n\n\t\t<\/div>\n\t<\/div>\n<\/div><\/div><\/div><div class=\"wpb_column vc_column_container vc_col-sm-3\"><div class=\"vc_column-inner\"><div class=\"wpb_wrapper\"><div class=\"vc_icon_element vc_icon_element-outer vc_icon_element-align-center\"><div class=\"vc_icon_element-inner vc_icon_element-color-custom vc_icon_element-size-xl vc_icon_element-style- vc_icon_element-background-color-grey\" ><span class=\"vc_icon_element-icon fa fa-cogs\" style=\"color:#7ac143 !important\"><\/span><\/div><\/div>\n\t<div class=\"wpb_text_column wpb_content_element\" >\n\t\t<div class=\"wpb_wrapper\">\n\t\t\t<h3 style=\"text-align: center;\"><b>$5.000-$15.000+, en especie o h\u00edbrido<\/b> \u2013 <b>Socio constructor cualificado (patrocinio de la construcci\u00f3n)<\/b><\/h3>\n\n\t\t<\/div>\n\t<\/div>\n\n\t<div class=\"wpb_text_column wpb_content_element\" >\n\t\t<div class=\"wpb_wrapper\">\n\t\t\t<p><b><i>Ay\u00fadenos a seguir atendiendo a los barrios vulnerables de San Francisco, como Tenderloin, Bayview-Hunters Point, Visitacion Valley, Excelsior y OMI. <\/i><em><strong>Apoye a la RTSF liderando un proyecto de conservaci\u00f3n de viviendas o instalaciones utilizando los conocimientos, herramientas y materiales de su equipo.<\/strong><\/em><\/b><\/p>\n<ul>\n<li><span style=\"font-weight: 400;\">Patrocinador <\/span><b>mano de obra y materiales del proyecto<\/b><span style=\"font-weight: 400;\"> (cobertura parcial o total de los costes)<\/span><\/li>\n<li><span style=\"font-weight: 400;\">Dirigir o codirigir un proyecto con el apoyo del personal de RTSF<\/span><\/li>\n<li><span style=\"font-weight: 400;\">Promueva el impacto de su empresa mediante se\u00f1alizaci\u00f3n y camisetas de marca in situ<\/span><\/li>\n<li style=\"list-style-type: none;\">\n<ul>\n<li style=\"font-weight: 400;\" aria-level=\"1\"><span style=\"font-weight: 400;\">Nombre\/logotipo de la empresa en:<\/span>\n<ul>\n<li style=\"font-weight: 400;\" aria-level=\"2\"><span style=\"font-weight: 400;\">Se\u00f1alizaci\u00f3n del proyecto<\/span><\/li>\n<li style=\"font-weight: 400;\" aria-level=\"2\"><span style=\"font-weight: 400;\">Material de marketing del FY25-26 RTSF<\/span><\/li>\n<li style=\"font-weight: 400;\" aria-level=\"2\"><span style=\"font-weight: 400;\">P\u00e1gina web y redes sociales de la RTSF<\/span><\/li>\n<\/ul>\n<\/li>\n<li style=\"font-weight: 400;\" aria-level=\"1\"><span style=\"font-weight: 400;\">Oportunidad de voluntariado para su personal de oficina\/administraci\u00f3n <\/span><\/li>\n<li style=\"font-weight: 400;\" aria-level=\"1\"><span style=\"font-weight: 400;\">Fotos del proyecto y reconocimiento en el informe anual de impacto de RTSF<\/span><\/li>\n<\/ul>\n<\/li>\n<\/ul>\n<p><b>Ideal para:<\/b><\/p>\n<ul>\n<li style=\"font-weight: 400;\" aria-level=\"1\"><span style=\"font-weight: 400;\">Contratistas generales<\/span><\/li>\n<li style=\"font-weight: 400;\" aria-level=\"1\"><span style=\"font-weight: 400;\">Sindicatos<\/span><\/li>\n<li style=\"font-weight: 400;\" aria-level=\"1\"><span style=\"font-weight: 400;\">Empresas de electricidad, fontaner\u00eda y climatizaci\u00f3n<\/span><\/li>\n<li style=\"font-weight: 400;\" aria-level=\"1\"><span style=\"font-weight: 400;\">Proveedores o subcontratistas que deseen retribuir localmente<\/span><\/li>\n<\/ul>\n\n\t\t<\/div>\n\t<\/div>\n<\/div><\/div><\/div><\/div><div class=\"vc_row wpb_row vc_row-fluid\"><div class=\"wpb_column vc_column_container vc_col-sm-12\"><div class=\"vc_column-inner\"><div class=\"wpb_wrapper\">\n\t<div class=\"wpb_text_column wpb_content_element\" >\n\t\t<div class=\"wpb_wrapper\">\n\t\t\t<h3 style=\"text-align: center;\"><em><span style=\"color: #4ac143;\"><strong>A continuaci\u00f3n encontrar\u00e1 informaci\u00f3n sobre el paquete de patrocinio corporativo. Si est\u00e1 interesado en el patrocinio o tiene alguna pregunta, p\u00f3ngase en contacto con crystal@rtsf.org. Muchas gracias.<\/strong><\/span><\/em><\/h3>\n\n\t\t<\/div>\n\t<\/div>\n<div class=\"ubtn-ctn-center\"><a class=\"ubtn-link ult-adjust-bottom-margin ubtn-center ubtn-large\" href=\"https:\/\/drive.google.com\/file\/d\/1KHZZmy7zEHY6yqQdb94w-GoxMhHytQSZ\/view?usp=sharing\" ><button type=\"button\" id=\"ubtn-5140\"  class=\"ubtn ult-adjust-bottom-margin ult-responsive ubtn-large ubtn-no-hover-bg  none  ubtn-center   tooltip-69ff4e0d40b7c\"  data-hover=\"\" data-border-color=\"\" data-bg=\"#7ac143\" data-hover-bg=\"\" data-border-hover=\"\" data-shadow-hover=\"\" data-shadow-click=\"none\" data-shadow=\"\" data-shd-shadow=\"\"  data-ultimate-target='#ubtn-5140'  data-responsive-json-new='{\"font-size\":\"desktop:35px;tablet:30px;\",\"line-height\":\"\"}'  style=\"font-weight:bold;border:none;background: #7ac143;color: #fcfcfc;\"><span class=\"ubtn-hover\" style=\"background-color:\"><\/span><span class=\"ubtn-data ubtn-text\" >MEN\u00da DE PATROCINIO CORPORATIVO<\/span><\/button><\/a><\/div><\/div><\/div><\/div><\/div><div class=\"vc_row wpb_row vc_row-fluid\"><div class=\"wpb_column vc_column_container vc_col-sm-12\"><div class=\"vc_column-inner\"><div class=\"wpb_wrapper\">\n\t<div class=\"wpb_text_column wpb_content_element\" >\n\t\t<div class=\"wpb_wrapper\">\n\t\t\t<h3>Gracias a nuestros patrocinadores<\/h3>\n\n\t\t<\/div>\n\t<\/div>\n\n<div class=\"vc_grid-container-wrapper vc_clearfix\">\n\t<div class=\"vc_grid-container vc_clearfix wpb_content_element vc_media_grid\" data-initial-loading-animation=\"fadeIn\" data-vc-grid-settings=\"{&quot;page_id&quot;:1833,&quot;style&quot;:&quot;all&quot;,&quot;action&quot;:&quot;vc_get_vc_grid_data&quot;,&quot;shortcode_id&quot;:&quot;1754088219712-983458cf-2052-5&quot;,&quot;tag&quot;:&quot;vc_media_grid&quot;}\" data-vc-request=\"https:\/\/rebuildingtogethersf.org\/wp-admin\/admin-ajax.php\" data-vc-post-id=\"1833\" data-vc-public-nonce=\"a64aad4587\">\n\t\t\n\t<\/div>\n<\/div><\/div><\/div><\/div><\/div>","protected":false},"excerpt":{"rendered":"<p>Patrocinios corporativos \u00a1Mira el v\u00eddeo de nuestro 35 aniversario y comprueba nuestro impacto! VER AQU\u00cd Convi\u00e9rtase en patrocinador \u00danase a Rebuilding Together San Francisco (RTSF) y a los socios de toda la ciudad para transformar el v\u00ednculo entre la vivienda y la salud. 87% de los adultos mayores de 65 a\u00f1os quieren permanecer en su hogar y comunidad actual a medida que envejecen, sin embargo, menos de 1 de...<\/p>","protected":false},"author":4,"featured_media":0,"parent":0,"menu_order":0,"comment_status":"closed","ping_status":"closed","template":"","meta":{"give_campaign_id":0,"om_disable_all_campaigns":false,"_monsterinsights_skip_tracking":false,"_monsterinsights_sitenote_active":false,"_monsterinsights_sitenote_note":"","_monsterinsights_sitenote_category":0},"class_list":["post-1833","page","type-page","status-publish","hentry","description-off"],"yoast_head":"<!-- This site is optimized with the Yoast SEO plugin v27.5 - https:\/\/yoast.com\/product\/yoast-seo-wordpress\/ -->\n<title>Home is Health - Rebuilding Together SF<\/title>\n<meta name=\"robots\" content=\"index, follow, max-snippet:-1, max-image-preview:large, max-video-preview:-1\" \/>\n<link rel=\"canonical\" href=\"https:\/\/rebuildingtogethersf.org\/es\/homeishealth\/\" \/>\n<meta property=\"og:locale\" content=\"es_MX\" \/>\n<meta property=\"og:type\" content=\"article\" \/>\n<meta property=\"og:title\" content=\"Home is Health - Rebuilding Together SF\" \/>\n<meta property=\"og:url\" content=\"https:\/\/rebuildingtogethersf.org\/es\/homeishealth\/\" \/>\n<meta property=\"og:site_name\" content=\"Rebuilding Together SF\" \/>\n<meta property=\"article:modified_time\" content=\"2025-08-01T22:56:43+00:00\" \/>\n<meta name=\"twitter:card\" content=\"summary_large_image\" \/>\n<meta name=\"twitter:label1\" content=\"Tiempo de lectura\" \/>\n\t<meta name=\"twitter:data1\" content=\"3 minutos\" \/>\n<script type=\"application\/ld+json\" class=\"yoast-schema-graph\">{\"@context\":\"https:\\\/\\\/schema.org\",\"@graph\":[{\"@type\":\"WebPage\",\"@id\":\"https:\\\/\\\/rebuildingtogethersf.org\\\/homeishealth\\\/\",\"url\":\"https:\\\/\\\/rebuildingtogethersf.org\\\/homeishealth\\\/\",\"name\":\"Home is Health - Rebuilding Together SF\",\"isPartOf\":{\"@id\":\"https:\\\/\\\/rebuildingtogethersf.org\\\/#website\"},\"datePublished\":\"2022-12-21T19:19:55+00:00\",\"dateModified\":\"2025-08-01T22:56:43+00:00\",\"breadcrumb\":{\"@id\":\"https:\\\/\\\/rebuildingtogethersf.org\\\/homeishealth\\\/#breadcrumb\"},\"inLanguage\":\"es\",\"potentialAction\":[{\"@type\":\"ReadAction\",\"target\":[\"https:\\\/\\\/rebuildingtogethersf.org\\\/homeishealth\\\/\"]}]},{\"@type\":\"BreadcrumbList\",\"@id\":\"https:\\\/\\\/rebuildingtogethersf.org\\\/homeishealth\\\/#breadcrumb\",\"itemListElement\":[{\"@type\":\"ListItem\",\"position\":1,\"name\":\"Home\",\"item\":\"https:\\\/\\\/rebuildingtogethersf.org\\\/\"},{\"@type\":\"ListItem\",\"position\":2,\"name\":\"Home is Health\"}]},{\"@type\":\"WebSite\",\"@id\":\"https:\\\/\\\/rebuildingtogethersf.org\\\/#website\",\"url\":\"https:\\\/\\\/rebuildingtogethersf.org\\\/\",\"name\":\"Rebuilding Together SF\",\"description\":\"Repairing homes, revitalizing communities, rebuilding lives!\",\"potentialAction\":[{\"@type\":\"SearchAction\",\"target\":{\"@type\":\"EntryPoint\",\"urlTemplate\":\"https:\\\/\\\/rebuildingtogethersf.org\\\/?s={search_term_string}\"},\"query-input\":{\"@type\":\"PropertyValueSpecification\",\"valueRequired\":true,\"valueName\":\"search_term_string\"}}],\"inLanguage\":\"es\"}]}<\/script>\n<!-- \/ Yoast SEO plugin. -->","yoast_head_json":{"title":"El hogar es salud - Reconstruyendo Juntos SF","robots":{"index":"index","follow":"follow","max-snippet":"max-snippet:-1","max-image-preview":"max-image-preview:large","max-video-preview":"max-video-preview:-1"},"canonical":"https:\/\/rebuildingtogethersf.org\/es\/homeishealth\/","og_locale":"es_MX","og_type":"article","og_title":"Home is Health - Rebuilding Together SF","og_url":"https:\/\/rebuildingtogethersf.org\/es\/homeishealth\/","og_site_name":"Rebuilding Together SF","article_modified_time":"2025-08-01T22:56:43+00:00","twitter_card":"summary_large_image","twitter_misc":{"Tiempo de lectura":"3 minutos"},"schema":{"@context":"https:\/\/schema.org","@graph":[{"@type":"WebPage","@id":"https:\/\/rebuildingtogethersf.org\/homeishealth\/","url":"https:\/\/rebuildingtogethersf.org\/homeishealth\/","name":"El hogar es salud - Reconstruyendo Juntos SF","isPartOf":{"@id":"https:\/\/rebuildingtogethersf.org\/#website"},"datePublished":"2022-12-21T19:19:55+00:00","dateModified":"2025-08-01T22:56:43+00:00","breadcrumb":{"@id":"https:\/\/rebuildingtogethersf.org\/homeishealth\/#breadcrumb"},"inLanguage":"es","potentialAction":[{"@type":"ReadAction","target":["https:\/\/rebuildingtogethersf.org\/homeishealth\/"]}]},{"@type":"BreadcrumbList","@id":"https:\/\/rebuildingtogethersf.org\/homeishealth\/#breadcrumb","itemListElement":[{"@type":"ListItem","position":1,"name":"Home","item":"https:\/\/rebuildingtogethersf.org\/"},{"@type":"ListItem","position":2,"name":"Home is Health"}]},{"@type":"WebSite","@id":"https:\/\/rebuildingtogethersf.org\/#website","url":"https:\/\/rebuildingtogethersf.org\/","name":"Reconstruyendo Juntos SF","description":"Reparar hogares, revitalizar comunidades, reconstruir vidas.","potentialAction":[{"@type":"SearchAction","target":{"@type":"EntryPoint","urlTemplate":"https:\/\/rebuildingtogethersf.org\/?s={search_term_string}"},"query-input":{"@type":"PropertyValueSpecification","valueRequired":true,"valueName":"search_term_string"}}],"inLanguage":"es"}]}},"campaignId":"","_links":{"self":[{"href":"https:\/\/rebuildingtogethersf.org\/es\/wp-json\/wp\/v2\/pages\/1833","targetHints":{"allow":["GET"]}}],"collection":[{"href":"https:\/\/rebuildingtogethersf.org\/es\/wp-json\/wp\/v2\/pages"}],"about":[{"href":"https:\/\/rebuildingtogethersf.org\/es\/wp-json\/wp\/v2\/types\/page"}],"author":[{"embeddable":true,"href":"https:\/\/rebuildingtogethersf.org\/es\/wp-json\/wp\/v2\/users\/4"}],"replies":[{"embeddable":true,"href":"https:\/\/rebuildingtogethersf.org\/es\/wp-json\/wp\/v2\/comments?post=1833"}],"version-history":[{"count":14,"href":"https:\/\/rebuildingtogethersf.org\/es\/wp-json\/wp\/v2\/pages\/1833\/revisions"}],"predecessor-version":[{"id":2104,"href":"https:\/\/rebuildingtogethersf.org\/es\/wp-json\/wp\/v2\/pages\/1833\/revisions\/2104"}],"wp:attachment":[{"href":"https:\/\/rebuildingtogethersf.org\/es\/wp-json\/wp\/v2\/media?parent=1833"}],"curies":[{"name":"wp","href":"https:\/\/api.w.org\/{rel}","templated":true}]}}